{"id":34,"date":"2021-02-22T17:01:47","date_gmt":"2021-02-22T16:01:47","guid":{"rendered":"https:\/\/unicswiss.ch\/index.php\/colibri-wp\/"},"modified":"2021-02-26T17:02:26","modified_gmt":"2021-02-26T16:02:26","slug":"colibri-wp","status":"publish","type":"page","link":"https:\/\/unicswiss.ch\/","title":{"rendered":"Accueil"},"content":{"rendered":"<div data-colibri-id=\"34-c1\" class=\"style-189 style-local-34-c1 position-relative\">\n  <!---->\n  <div data-colibri-component=\"section\" data-colibri-id=\"34-c2\" id=\"overlappable\" class=\"h-section h-section-global-spacing d-flex align-items-lg-center align-items-md-center align-items-center style-190 style-local-34-c2 position-relative\">\n    <!---->\n    <!---->\n    <div class=\"h-section-grid-container h-section-boxed-container\">\n      <!---->\n      <div data-colibri-id=\"34-c3\" class=\"h-row-container gutters-row-lg-0 gutters-row-md-0 gutters-row-2 gutters-row-v-lg-2 gutters-row-v-md-2 gutters-row-v-2 style-191 style-local-34-c3 position-relative\">\n        <!---->\n        <div class=\"h-row justify-content-lg-center justify-content-md-center justify-content-center align-items-lg-stretch align-items-md-stretch align-items-stretch gutters-col-lg-0 gutters-col-md-0 gutters-col-2 gutters-col-v-lg-2 gutters-col-v-md-2 gutters-col-v-2\">\n          <!---->\n          <div class=\"h-column h-column-container d-flex h-col-lg-3 h-col-md-3 h-col-12 style-192-outer style-local-34-c4-outer\">\n            <div data-colibri-id=\"34-c4\" class=\"d-flex h-flex-basis h-column__inner h-px-lg-3 h-px-md-3 h-px-2 v-inner-lg-3 v-inner-md-3 v-inner-2 style-192 style-local-34-c4 position-relative\">\n              <!---->\n              <!---->\n              <div class=\"w-100 h-y-container h-column__content h-column__v-align flex-basis-100 align-self-lg-center align-self-md-center align-self-center\">\n                <!---->\n                <div data-colibri-id=\"34-c5\" class=\"h-icon style-193 style-local-34-c5 position-relative h-element\">\n                  <!----><span class=\"h-svg-icon h-icon__icon style-193-icon style-local-34-c5-icon\"><!--Icon by Icons8 Line Awesome (https:\/\/icons8.com\/line-awesome)--><svg version=\"1.1\" xmlns=\"http:\/\/www.w3.org\/2000\/svg\" xmlns:xlink=\"http:\/\/www.w3.org\/1999\/xlink\" id=\"archive\" viewBox=\"0 0 512 545.5\"><path d=\"M64 112h384v96h-16v256H80V208H64v-96zm32 32v32h320v-32H96zm16 64v224h288V208H112zm93 32c.207-.01.543-.018.75-.018s.543.008.75.018c.207-.01.543-.018.75-.018s.543.008.75.018h96l.227-.002c8.833 0 16 7.17 16 16.002s-7.167 16.002-16 16.002L304 272h-96c-.413.04-1.085.07-1.5.07-8.87 0-16.07-7.2-16.07-16.07 0-8.078 6.527-15.246 14.57-16z\"><\/path><\/svg><\/span><\/div>\n                <div\n                  data-colibri-id=\"34-c6\" class=\"h-global-transition-all h-heading style-194 style-local-34-c6 position-relative h-element\">\n                  <!---->\n                  <div class=\"h-heading__outer style-194 style-local-34-c6\">\n                    <!---->\n                    <!---->\n                    <h5 class=\"\">CONCEPTION<\/h5>\n                  <\/div>\n              <\/div>\n              <div data-colibri-id=\"34-c7\" class=\"h-text h-text-component style-195 style-local-34-c7 position-relative h-element\">\n                <!---->\n                <!---->\n                <div class=\"\">\n                  <p>Evenement d&rsquo;entreprise, culturel ou sportif, lancement de produit, inauguration, f\u00eate, expo ou festival.\n                    <br>\n                  <\/p>\n                <\/div>\n              <\/div>\n            <\/div>\n          <\/div>\n        <\/div>\n        <div class=\"h-column h-column-container d-flex h-col-lg-3 h-col-md-3 h-col-12 style-192-outer style-local-34-c8-outer\">\n          <div data-colibri-id=\"34-c8\" class=\"d-flex h-flex-basis h-column__inner h-px-lg-3 h-px-md-3 h-px-2 v-inner-lg-3 v-inner-md-3 v-inner-2 style-192 style-local-34-c8 position-relative\">\n            <!---->\n            <!---->\n            <div class=\"w-100 h-y-container h-column__content h-column__v-align flex-basis-100 align-self-lg-center align-self-md-center align-self-center\">\n              <!---->\n              <div data-colibri-id=\"34-c9\" class=\"h-icon style-193 style-local-34-c9 position-relative h-element\">\n                <!----><span class=\"h-svg-icon h-icon__icon style-193-icon style-local-34-c9-icon\"><!--Icon by Icons8 Line Awesome (https:\/\/icons8.com\/line-awesome)--><svg version=\"1.1\" xmlns=\"http:\/\/www.w3.org\/2000\/svg\" xmlns:xlink=\"http:\/\/www.w3.org\/1999\/xlink\" id=\"cloud\" viewBox=\"0 0 512 545.5\"><path d=\"M256 112c39.222 0 73.015 20.827 93 51.5 6.267-1.418 12.082-3.5 19-3.5 52.826 0 96 43.174 96 96 27.675 16.876 48 45.357 48 80 0 52.826-43.174 96-96 96H96c-52.826 0-96-43.174-96-96s43.174-96 96-96c3.374 0 6.297.643 9.5 1 8.5-19.06 23.02-33.326 42.5-41 11.172-50.066 54.71-88 108-88zm0 32c-40.353 0-73.304 29.382-79 68l-1.5 11-10.5 2.5c-17.76 4.236-32.037 18.174-36 36l-3 15.5-16-3.5c-4.768-1.074-9.343-1.5-14-1.5-35.526 0-64 28.474-64 64s28.474 64 64 64h320c35.526 0 64-28.474 64-64 0-26.587-16.146-49.242-39-59l-10.5-4.5 1-11.5c.28-3.752.5-5.144.5-5 0-35.526-28.474-64-64-64-7.11 0-14.007 1.543-21 4l-13.5 4.5-6-12.5c-13.19-26.09-40.168-44-71.5-44z\"><\/path><\/svg><\/span><\/div>\n              <div\n                data-colibri-id=\"34-c10\" class=\"h-global-transition-all h-heading style-194 style-local-34-c10 position-relative h-element\">\n                <!---->\n                <div class=\"h-heading__outer style-194 style-local-34-c10\">\n                  <!---->\n                  <!---->\n                  <h5 class=\"\">CREATION<\/h5>\n                <\/div>\n            <\/div>\n            <div data-colibri-id=\"34-c11\" class=\"h-text h-text-component style-195 style-local-34-c11 position-relative h-element\">\n              <!---->\n              <!---->\n              <div class=\"\">\n                <p>Nous orchestrons un spectacle pyrotechnique UNIC pour illuminer \u00e0 jamais votre \u00e9v\u00e8nement.<\/p>\n              <\/div>\n            <\/div>\n          <\/div>\n        <\/div>\n      <\/div>\n      <div class=\"h-column h-column-container d-flex h-col-lg-3 h-col-md-3 h-col-12 style-192-outer style-local-34-c12-outer\">\n        <div data-colibri-id=\"34-c12\" class=\"d-flex h-flex-basis h-column__inner h-px-lg-3 h-px-md-3 h-px-2 v-inner-lg-3 v-inner-md-3 v-inner-2 style-192 style-local-34-c12 position-relative\">\n          <!---->\n          <!---->\n          <div class=\"w-100 h-y-container h-column__content h-column__v-align flex-basis-100 align-self-lg-center align-self-md-center align-self-center\">\n            <!---->\n            <div data-colibri-id=\"34-c13\" class=\"h-icon style-193 style-local-34-c13 position-relative h-element\">\n              <!----><span class=\"h-svg-icon h-icon__icon style-193-icon style-local-34-c13-icon\"><!--Icon by Icons8 Line Awesome (https:\/\/icons8.com\/line-awesome)--><svg version=\"1.1\" xmlns=\"http:\/\/www.w3.org\/2000\/svg\" xmlns:xlink=\"http:\/\/www.w3.org\/1999\/xlink\" id=\"cubes\" viewBox=\"0 0 512 545.5\"><path d=\"M256 96l6 2.5 96 38.5 10 4v107.5l86.5 37.5 9.5 4.5v129l-8 5-96 53.5-7.5 4-7.5-3.5-89-44.5-89 44.5-7.5 3.5-7.5-4-96-53.5-8-5v-129l9.5-4.5 86.5-37.5V141l10-4 96-38.5zm0 35l-52.5 20.5L256 172l52.5-20.5zm-80 44v74l64 28.5v-78zm160 0l-64 24.5v78l64-28.5v-74zM160 277l-58 25 58 29 58-28.5zm192 0l-40 17.5-18 8 58 28.5 58-29zM80 326.5V401l64 36v-78.5zm352 0l-64 32V437l64-36v-74.5zm-192 1l-64 31V438l64-32v-78.5zm32 0V406l64 32v-79.5z\"><\/path><\/svg><\/span><\/div>\n            <div\n              data-colibri-id=\"34-c14\" class=\"h-global-transition-all h-heading style-194 style-local-34-c14 position-relative h-element\">\n              <!---->\n              <div class=\"h-heading__outer style-194 style-local-34-c14\">\n                <!---->\n                <!---->\n                <h5 class=\"\">REALISATION<\/h5>\n              <\/div>\n          <\/div>\n          <div data-colibri-id=\"34-c15\" class=\"h-text h-text-component style-195 style-local-34-c15 position-relative h-element\">\n            <!---->\n            <!---->\n            <div class=\"\">\n              <p>Son et lumi\u00e8re, effets sp\u00e9ciaux, Contes de No\u00ebl. L&rsquo;alliance de la musique, des jeux de lumi\u00e8re et du feu d&rsquo;artifices.\n                <br>\n              <\/p>\n            <\/div>\n          <\/div>\n        <\/div>\n      <\/div>\n    <\/div>\n    <div class=\"h-column h-column-container d-flex h-col-lg-3 h-col-md-3 h-col-12 style-196-outer style-local-34-c16-outer\">\n      <div data-colibri-id=\"34-c16\" class=\"d-flex h-flex-basis h-column__inner h-px-lg-3 h-px-md-3 h-px-2 v-inner-lg-3 v-inner-md-3 v-inner-2 style-196 style-local-34-c16 position-relative\">\n        <!---->\n        <!---->\n        <div class=\"w-100 h-y-container h-column__content h-column__v-align flex-basis-100 align-self-lg-center align-self-md-center align-self-center\">\n          <!---->\n          <div data-colibri-id=\"34-c17\" class=\"h-icon style-193 style-local-34-c17 position-relative h-element\">\n            <!----><span class=\"h-svg-icon h-icon__icon style-193-icon style-local-34-c17-icon\"><!--Icon by Icons8 Line Awesome (https:\/\/icons8.com\/line-awesome)--><svg version=\"1.1\" xmlns=\"http:\/\/www.w3.org\/2000\/svg\" xmlns:xlink=\"http:\/\/www.w3.org\/1999\/xlink\" id=\"area-chart\" viewBox=\"0 0 512 545.5\"><path d=\"M448 97v383H64V204.5l19 4 73 14.5 91-60.5 5.5-3.5 6 1 89.5 15 74-58zm-32 65.5l-54 42-5.5 4.5-7-1-90-15-90.5 60.5-5.5 3.5-6.5-1.5-61-12V309l62 25 89-59.5 6.5-4 7.5 2.5 87.5 29 67.5-53.5v-86zm0 127l-54 43-7 5.5-8-3-88-29.5-90 60-7 4.5-8-3-58-23v104h320V289.5z\"><\/path><\/svg><\/span><\/div>\n          <div\n            data-colibri-id=\"34-c18\" class=\"h-global-transition-all h-heading style-194 style-local-34-c18 position-relative h-element\">\n            <!---->\n            <div class=\"h-heading__outer style-194 style-local-34-c18\">\n              <!---->\n              <!---->\n              <h5 class=\"\">EMOTION<\/h5>\n            <\/div>\n        <\/div>\n        <div data-colibri-id=\"34-c19\" class=\"h-text h-text-component style-195 style-local-34-c19 position-relative h-element\">\n          <!---->\n          <!---->\n          <div class=\"\">\n            <p><span style=\"color: rgb(70, 112, 127); font-family: Open Sans; font-size: 16px; font-weight: 400;\">Une mise en sc\u00e8ne originale, diff\u00e9rente, adapt\u00e9e et personnalis\u00e9e de votre \u00e9v\u00e8nement.<br><\/span><\/p>\n          <\/div>\n        <\/div>\n      <\/div>\n    <\/div>\n  <\/div>\n<\/div>\n<\/div>\n<\/div>\n<\/div>\n<\/div>","protected":false},"excerpt":{"rendered":"<p>CONCEPTION Evenement d&rsquo;entreprise, culturel ou sportif, lancement de produit, inauguration, f\u00eate, expo ou festival. CREATION Nous orchestrons un spectacle pyrotechnique UNIC pour illuminer \u00e0 jamais votre \u00e9v\u00e8nement. REALISATION Son et lumi\u00e8re, effets sp\u00e9ciaux, Contes de No\u00ebl. L&rsquo;alliance de la musique, des jeux de lumi\u00e8re et du feu d&rsquo;artifices. EMOTION Une mise en sc\u00e8ne originale, diff\u00e9rente, [&hellip;]<\/p>\n","protected":false},"author":1,"featured_media":0,"parent":0,"menu_order":0,"comment_status":"closed","ping_status":"closed","template":"page-templates\/homepage.php","meta":[],"_links":{"self":[{"href":"https:\/\/unicswiss.ch\/index.php\/wp-json\/wp\/v2\/pages\/34"}],"collection":[{"href":"https:\/\/unicswiss.ch\/index.php\/wp-json\/wp\/v2\/pages"}],"about":[{"href":"https:\/\/unicswiss.ch\/index.php\/wp-json\/wp\/v2\/types\/page"}],"author":[{"embeddable":true,"href":"https:\/\/unicswiss.ch\/index.php\/wp-json\/wp\/v2\/users\/1"}],"replies":[{"embeddable":true,"href":"https:\/\/unicswiss.ch\/index.php\/wp-json\/wp\/v2\/comments?post=34"}],"version-history":[{"count":7,"href":"https:\/\/unicswiss.ch\/index.php\/wp-json\/wp\/v2\/pages\/34\/revisions"}],"predecessor-version":[{"id":96,"href":"https:\/\/unicswiss.ch\/index.php\/wp-json\/wp\/v2\/pages\/34\/revisions\/96"}],"wp:attachment":[{"href":"https:\/\/unicswiss.ch\/index.php\/wp-json\/wp\/v2\/media?parent=34"}],"curies":[{"name":"wp","href":"https:\/\/api.w.org\/{rel}","templated":true}]}}